{"id":20,"date":"2025-03-28T16:05:29","date_gmt":"2025-03-28T19:05:29","guid":{"rendered":"https:\/\/innovacon.simplificandotuweb.com\/?page_id=20"},"modified":"2025-11-26T13:57:30","modified_gmt":"2025-11-26T12:57:30","slug":"declaracio-daccessibilitat","status":"publish","type":"page","link":"https:\/\/jcassessors.com\/es\/declaracio-daccessibilitat\/","title":{"rendered":"Declaraci\u00f3n de accesibilidad"},"content":{"rendered":"<style>.elementor-20 .elementor-element.elementor-element-1d6876f{--display:flex;--flex-direction:column;--container-widget-width:100%;--container-widget-height:initial;--container-widget-flex-grow:0;--container-widget-align-self:initial;--flex-wrap-mobile:wrap;--overlay-opacity:0.5;--border-radius:0px 0px 150px 150px;--padding-top:20%;--padding-bottom:10%;--padding-left:5%;--padding-right:5%;}.elementor-20 .elementor-element.elementor-element-1d6876f:not(.elementor-motion-effects-element-type-background), .elementor-20 .elementor-element.elementor-element-1d6876f > .elementor-motion-effects-container > .elementor-motion-effects-layer{background-color:var( --e-global-color-0460288 );}.elementor-20 .elementor-element.elementor-element-1d6876f::before, .elementor-20 .elementor-element.elementor-element-1d6876f > .elementor-background-video-container::before, .elementor-20 .elementor-element.elementor-element-1d6876f > .e-con-inner > .elementor-background-video-container::before, .elementor-20 .elementor-element.elementor-element-1d6876f > .elementor-background-slideshow::before, .elementor-20 .elementor-element.elementor-element-1d6876f > .e-con-inner > .elementor-background-slideshow::before, .elementor-20 .elementor-element.elementor-element-1d6876f > .elementor-motion-effects-container > .elementor-motion-effects-layer::before{background-color:var( --e-global-color-0460288 );--background-overlay:'';}.elementor-20 .elementor-element.elementor-element-ab50b84 > .elementor-widget-container{margin:0px 0px 11px 0px;}.elementor-20 .elementor-element.elementor-element-ab50b84{text-align:center;}.elementor-20 .elementor-element.elementor-element-ab50b84 .elementor-heading-title{font-family:var( --e-global-typography-a110d51-font-family ), Sans-serif;font-size:var( --e-global-typography-a110d51-font-size );font-weight:var( --e-global-typography-a110d51-font-weight );text-decoration:var( --e-global-typography-a110d51-text-decoration );line-height:var( --e-global-typography-a110d51-line-height );color:var( --e-global-color-a1f7d93 );}.elementor-20 .elementor-element.elementor-element-58a93c82{--display:flex;--padding-top:10%;--padding-bottom:10%;--padding-left:5%;--padding-right:5%;}.elementor-20 .elementor-element.elementor-element-325a6a05 a{color:var( --e-global-color-secondary );}@media(max-width:1024px){.elementor-20 .elementor-element.elementor-element-ab50b84 .elementor-heading-title{font-size:var( --e-global-typography-a110d51-font-size );line-height:var( --e-global-typography-a110d51-line-height );}}@media(max-width:767px){.elementor-20 .elementor-element.elementor-element-1d6876f{--min-height:400px;--justify-content:center;--border-radius:0px 0px 50px 50px;}.elementor-20 .elementor-element.elementor-element-ab50b84 > .elementor-widget-container{margin:0px 0px 0px 0px;}.elementor-20 .elementor-element.elementor-element-ab50b84 .elementor-heading-title{font-size:var( --e-global-typography-a110d51-font-size );line-height:var( --e-global-typography-a110d51-line-height );}}<\/style>\t\t<div data-elementor-type=\"wp-page\" data-elementor-id=\"20\" class=\"elementor elementor-20\" data-elementor-post-type=\"page\">\n\t\t\t\t<div class=\"elementor-element elementor-element-1d6876f e-flex e-con-boxed e-con e-parent\" data-id=\"1d6876f\" data-element_type=\"container\" data-settings=\"{&quot;background_background&quot;:&quot;classic&quot;}\">\n\t\t\t\t\t<div class=\"e-con-inner\">\n\t\t\t\t<div class=\"elementor-element elementor-element-ab50b84 elementor-widget elementor-widget-heading\" data-id=\"ab50b84\" data-element_type=\"widget\" data-widget_type=\"heading.default\">\n\t\t\t\t<div class=\"elementor-widget-container\">\n\t\t\t\t\t<h1 class=\"elementor-heading-title elementor-size-default\">Declaraci\u00f3n de accesibilidad<\/h1>\t\t\t\t<\/div>\n\t\t\t\t<\/div>\n\t\t\t\t\t<\/div>\n\t\t\t\t<\/div>\n\t\t<div class=\"elementor-element elementor-element-58a93c82 e-flex e-con-boxed e-con e-parent\" data-id=\"58a93c82\" data-element_type=\"container\">\n\t\t\t\t\t<div class=\"e-con-inner\">\n\t\t\t\t<div class=\"elementor-element elementor-element-325a6a05 elementor-widget elementor-widget-text-editor\" data-id=\"325a6a05\" data-element_type=\"widget\" data-widget_type=\"text-editor.default\">\n\t\t\t\t<div class=\"elementor-widget-container\">\n\t\t\t\t\t\t\t\t\t\n<p><strong>JOSEP CAPDEVILA ASSESSORS, SL<\/strong> ha comprometido a hacer accesible su sitio web, de acuerdo con el Real decreto 1112\/2018, de 7 de septiembre, sobre accesibilidad de sitios web y aplicaciones para dispositivos m\u00f3viles del sector p\u00fablico. Esta declaraci\u00f3n de accesibilidad se aplica a esta web.<\/p>\n\n<h2 class=\"wp-block-heading\">Situaci\u00f3n de cumplimiento<\/h2>\n\n<p>Este sitio web est\u00e1 desarrollado seg\u00fan el RD 1112\/2018.<\/p>\n\n<h2 class=\"wp-block-heading\">Preparaci\u00f3n para la siguiente declaraci\u00f3n de accesibilidad<\/h2>\n\n<p>Esta declaraci\u00f3n fue preparada el 20 de abril de 2023. El m\u00e9todo empleado para preparar la declaraci\u00f3n ha sido una autoevaluaci\u00f3n.<\/p>\n\n<h2 class=\"wp-block-heading\">Observaciones y datos de contacto<\/h2>\n\n<p>Puede realizar comunicaciones sobre requisitos de accesibilidad (art\u00edculo 10.2.a del RD 1112\/2018) tales como:<\/p>\n\n<ul class=\"wp-block-list\">\n<li>Informar sobre cualquier posible incumplimiento por parte de este sitio web.<\/li>\n\n<li>Transmitir otras dificultades de acceso al contenido.<\/li>\n\n<li>Formular cualquier otra consulta o sugerencia de mejora relativa a la accesibilidad del sitio web a trav\u00e9s del formulario de contacto de este sitio web oa trav\u00e9s del n\u00famero de tel\u00e9fono.<\/li>\n<\/ul>\n\n<p>Puede presentar:<\/p>\n\n<ul class=\"wp-block-list\">\n<li>Queja relativa al cumplimiento de los requisitos del RD 1112\/2018.<\/li>\n\n<li>Solicitud de informaci\u00f3n accesible relativa a:\n<ul class=\"wp-block-list\">\n<li>Contenidos que est\u00e1n excluidos del \u00e1mbito de aplicaci\u00f3n del RD 1112\/2018 seg\u00fan lo que establece el art\u00edculo 3, apartado 4.<\/li>\n\n<li>Contenidos que est\u00e1n exentos del cumplimiento de los requisitos de accesibilidad para imponer carga desproporcionada.<\/li>\n<\/ul>\n<\/li>\n<\/ul>\n\n<p>En la solicitud de informaci\u00f3n accesible, se concretar\u00e1n, con toda claridad, los hechos, razones y petici\u00f3n que permitan constatar que se trata de una solicitud razonable y leg\u00edtima.<\/p>\n\n<p>Las quejas y reclamaciones sobre informaci\u00f3n accesible se realizar\u00e1n a trav\u00e9s de la sede electr\u00f3nica (<a href=\"https:\/\/sede.red.gob.es\/procedimientos\/quejas-y-sugerencias\"><strong><span style=\"text-decoration: underline;\"><span style=\"color: #425371; text-decoration: underline;\">https:\/\/sede.red.gob.es\/procedimientos\/quejas-y-sugerencias<\/span><\/span><\/strong><\/a>) y ser\u00e1n recibidas y tratadas por el \u00e1rea de Sistemas de la Informaci\u00f3n de Red.es.<\/p>\n\n<h2 class=\"wp-block-heading\">Contenido opcional<\/h2>\n\n<p>Si desea cambiar el tama\u00f1o de la letra del texto en los principales navegadores gr\u00e1ficos, utilice los siguientes men\u00fas:<\/p>\n\n<ul class=\"wp-block-list\">\n<li><strong>Safari<\/strong>: Visualizaci\u00f3n &gt; Hacer el texto m\u00e1s grande<\/li>\n\n<li><strong>Chrome<\/strong>: Controla la p\u00e1gina actual &gt; Tama\u00f1o del texto<\/li>\n<\/ul>\n\n<p>Para modificar el tama\u00f1o de todo en la p\u00e1gina:<\/p>\n\n<ul class=\"wp-block-list\">\n<li><strong>Ctrl++<\/strong>\u00a0para aumentarlo<\/li>\n\n<li><strong>Ctrl + \u2013<\/strong>\u00a0para disminuirlo<\/li>\n\n<li><strong>Ctrl+0<\/strong>\u00a0restaura el tama\u00f1o original del texto<\/li>\n<\/ul>\n\n<p>Si lo que desea es anular la hoja de estilos o modificar el color del texto, puede consultar la p\u00e1gina\u00a0<em>How to Change Text Size o Colores<\/em>\u00a0de la WAI, que se puede leer traducida al castellano en\u00a0<em>\u00bfC\u00f3mo cambiar el tama\u00f1o del texto o colores?<\/em><\/p>\n\t\t\t\t\t\t\t\t<\/div>\n\t\t\t\t<\/div>\n\t\t\t\t\t<\/div>\n\t\t\t\t<\/div>\n\t\t\t\t<\/div>","protected":false},"excerpt":{"rendered":"<p>ha comprometido a hacer accesible su sitio web, de acuerdo con el Real decreto 1112\/2018, de 7 de septiembre, sobre accesibilidad de sitios web y aplicaciones para dispositivos m\u00f3viles del sector p\u00fablico. Esta declaraci\u00f3n de accesibilidad se aplica a esta web. Situaci\u00f3n de cumplimiento Este sitio web est\u00e1 desarrollado seg\u00fan el RD 1112\/2018. Preparaci\u00f3n para [\u2026]<\/p>","protected":false},"author":1,"featured_media":0,"parent":0,"menu_order":0,"comment_status":"closed","ping_status":"closed","template":"","meta":{"footnotes":""},"class_list":["post-20","page","type-page","status-publish","hentry"],"yoast_head":"<!-- This site is optimized with the Yoast SEO plugin v26.8 - https:\/\/yoast.com\/product\/yoast-seo-wordpress\/ -->\n<title>Declaraci\u00f3 d\u2019accessibilitat - Josep Capdevila<\/title>\n<meta name=\"robots\" content=\"index, follow, max-snippet:-1, max-image-preview:large, max-video-preview:-1\" \/>\n<link rel=\"canonical\" href=\"https:\/\/jcassessors.com\/es\/declaracio-daccessibilitat\/\" \/>\n<meta property=\"og:locale\" content=\"es_ES\" \/>\n<meta property=\"og:type\" content=\"article\" \/>\n<meta property=\"og:title\" content=\"Declaraci\u00f3 d\u2019accessibilitat - Josep Capdevila\" \/>\n<meta property=\"og:description\" content=\"ha comprom\u00e8s a fer accessible el seu lloc web, d\u2019acord amb el Reial decret 1112\/2018, de 7 de setembre, sobre accessibilitat dels llocs web i aplicacions per a dispositius m\u00f2bils del sector p\u00fablic. Aquesta declaraci\u00f3 d\u2019accessibilitat s\u2019aplica a aquest web. Situaci\u00f3 de compliment Aquest lloc web est\u00e0 desenvolupat segons el RD 1112\/2018. Preparaci\u00f3 per a [&hellip;]\" \/>\n<meta property=\"og:url\" content=\"https:\/\/jcassessors.com\/es\/declaracio-daccessibilitat\/\" \/>\n<meta property=\"og:site_name\" content=\"Josep Capdevila\" \/>\n<meta property=\"article:modified_time\" content=\"2025-11-26T12:57:30+00:00\" \/>\n<meta name=\"twitter:card\" content=\"summary_large_image\" \/>\n<meta name=\"twitter:label1\" content=\"Tiempo de lectura\" \/>\n\t<meta name=\"twitter:data1\" content=\"2 minutos\" \/>\n<script type=\"application\/ld+json\" class=\"yoast-schema-graph\">{\"@context\":\"https:\/\/schema.org\",\"@graph\":[{\"@type\":\"WebPage\",\"@id\":\"https:\/\/jcassessors.com\/declaracio-daccessibilitat\/\",\"url\":\"https:\/\/jcassessors.com\/declaracio-daccessibilitat\/\",\"name\":\"Declaraci\u00f3 d\u2019accessibilitat - Josep Capdevila\",\"isPartOf\":{\"@id\":\"https:\/\/jcassessors.com\/es\/#website\"},\"datePublished\":\"2025-03-28T19:05:29+00:00\",\"dateModified\":\"2025-11-26T12:57:30+00:00\",\"breadcrumb\":{\"@id\":\"https:\/\/jcassessors.com\/declaracio-daccessibilitat\/#breadcrumb\"},\"inLanguage\":\"es\",\"potentialAction\":[{\"@type\":\"ReadAction\",\"target\":[\"https:\/\/jcassessors.com\/declaracio-daccessibilitat\/\"]}]},{\"@type\":\"BreadcrumbList\",\"@id\":\"https:\/\/jcassessors.com\/declaracio-daccessibilitat\/#breadcrumb\",\"itemListElement\":[{\"@type\":\"ListItem\",\"position\":1,\"name\":\"Portada\",\"item\":\"https:\/\/jcassessors.com\/\"},{\"@type\":\"ListItem\",\"position\":2,\"name\":\"Declaraci\u00f3 d\u2019accessibilitat\"}]},{\"@type\":\"WebSite\",\"@id\":\"https:\/\/jcassessors.com\/es\/#website\",\"url\":\"https:\/\/jcassessors.com\/es\/\",\"name\":\"Josep Capdevila\",\"description\":\"Proyectos de direcci\u00f3n y asesoramiento de empresas\",\"potentialAction\":[{\"@type\":\"SearchAction\",\"target\":{\"@type\":\"EntryPoint\",\"urlTemplate\":\"https:\/\/jcassessors.com\/es\/?s={search_term_string}\"},\"query-input\":{\"@type\":\"PropertyValueSpecification\",\"valueRequired\":true,\"valueName\":\"search_term_string\"}}],\"inLanguage\":\"es\"}]}<\/script>\n<!-- \/ Yoast SEO plugin. -->","yoast_head_json":{"title":"Declaraci\u00f3n de accesibilidad - Josep Capdevila","robots":{"index":"index","follow":"follow","max-snippet":"max-snippet:-1","max-image-preview":"max-image-preview:large","max-video-preview":"max-video-preview:-1"},"canonical":"https:\/\/jcassessors.com\/es\/declaracio-daccessibilitat\/","og_locale":"es_ES","og_type":"article","og_title":"Declaraci\u00f3 d\u2019accessibilitat - Josep Capdevila","og_description":"ha comprom\u00e8s a fer accessible el seu lloc web, d\u2019acord amb el Reial decret 1112\/2018, de 7 de setembre, sobre accessibilitat dels llocs web i aplicacions per a dispositius m\u00f2bils del sector p\u00fablic. Aquesta declaraci\u00f3 d\u2019accessibilitat s\u2019aplica a aquest web. Situaci\u00f3 de compliment Aquest lloc web est\u00e0 desenvolupat segons el RD 1112\/2018. Preparaci\u00f3 per a [&hellip;]","og_url":"https:\/\/jcassessors.com\/es\/declaracio-daccessibilitat\/","og_site_name":"Josep Capdevila","article_modified_time":"2025-11-26T12:57:30+00:00","twitter_card":"summary_large_image","twitter_misc":{"Tiempo de lectura":"2 minutos"},"schema":{"@context":"https:\/\/schema.org","@graph":[{"@type":"WebPage","@id":"https:\/\/jcassessors.com\/declaracio-daccessibilitat\/","url":"https:\/\/jcassessors.com\/declaracio-daccessibilitat\/","name":"Declaraci\u00f3n de accesibilidad - Josep Capdevila","isPartOf":{"@id":"https:\/\/jcassessors.com\/es\/#website"},"datePublished":"2025-03-28T19:05:29+00:00","dateModified":"2025-11-26T12:57:30+00:00","breadcrumb":{"@id":"https:\/\/jcassessors.com\/declaracio-daccessibilitat\/#breadcrumb"},"inLanguage":"es","potentialAction":[{"@type":"ReadAction","target":["https:\/\/jcassessors.com\/declaracio-daccessibilitat\/"]}]},{"@type":"BreadcrumbList","@id":"https:\/\/jcassessors.com\/declaracio-daccessibilitat\/#breadcrumb","itemListElement":[{"@type":"ListItem","position":1,"name":"Portada","item":"https:\/\/jcassessors.com\/"},{"@type":"ListItem","position":2,"name":"Declaraci\u00f3 d\u2019accessibilitat"}]},{"@type":"WebSite","@id":"https:\/\/jcassessors.com\/es\/#website","url":"https:\/\/jcassessors.com\/es\/","name":"Josep Capdevila","description":"Proyectos de direcci\u00f3n y asesoramiento de empresas","potentialAction":[{"@type":"SearchAction","target":{"@type":"EntryPoint","urlTemplate":"https:\/\/jcassessors.com\/es\/?s={search_term_string}"},"query-input":{"@type":"PropertyValueSpecification","valueRequired":true,"valueName":"search_term_string"}}],"inLanguage":"es"}]}},"_links":{"self":[{"href":"https:\/\/jcassessors.com\/es\/wp-json\/wp\/v2\/pages\/20","targetHints":{"allow":["GET"]}}],"collection":[{"href":"https:\/\/jcassessors.com\/es\/wp-json\/wp\/v2\/pages"}],"about":[{"href":"https:\/\/jcassessors.com\/es\/wp-json\/wp\/v2\/types\/page"}],"author":[{"embeddable":true,"href":"https:\/\/jcassessors.com\/es\/wp-json\/wp\/v2\/users\/1"}],"replies":[{"embeddable":true,"href":"https:\/\/jcassessors.com\/es\/wp-json\/wp\/v2\/comments?post=20"}],"version-history":[{"count":26,"href":"https:\/\/jcassessors.com\/es\/wp-json\/wp\/v2\/pages\/20\/revisions"}],"predecessor-version":[{"id":1402,"href":"https:\/\/jcassessors.com\/es\/wp-json\/wp\/v2\/pages\/20\/revisions\/1402"}],"wp:attachment":[{"href":"https:\/\/jcassessors.com\/es\/wp-json\/wp\/v2\/media?parent=20"}],"curies":[{"name":"wp","href":"https:\/\/api.w.org\/{rel}","templated":true}]}}