{"id":30,"date":"2025-03-28T16:09:49","date_gmt":"2025-03-28T19:09:49","guid":{"rendered":"https:\/\/innovacon.simplificandotuweb.com\/?page_id=30"},"modified":"2025-11-26T13:55:01","modified_gmt":"2025-11-26T12:55:01","slug":"politica-de-privacitat","status":"publish","type":"page","link":"https:\/\/jcassessors.com\/es\/politica-de-privacitat\/","title":{"rendered":"Pol\u00edtica de Privacidad"},"content":{"rendered":"<style>.elementor-30 .elementor-element.elementor-element-1345fbc{--display:flex;--flex-direction:column;--container-widget-width:100%;--container-widget-height:initial;--container-widget-flex-grow:0;--container-widget-align-self:initial;--flex-wrap-mobile:wrap;--overlay-opacity:0.5;--border-radius:0px 0px 150px 150px;--padding-top:20%;--padding-bottom:10%;--padding-left:5%;--padding-right:5%;}.elementor-30 .elementor-element.elementor-element-1345fbc:not(.elementor-motion-effects-element-type-background), .elementor-30 .elementor-element.elementor-element-1345fbc > .elementor-motion-effects-container > .elementor-motion-effects-layer{background-color:var( --e-global-color-0460288 );}.elementor-30 .elementor-element.elementor-element-1345fbc::before, .elementor-30 .elementor-element.elementor-element-1345fbc > .elementor-background-video-container::before, .elementor-30 .elementor-element.elementor-element-1345fbc > .e-con-inner > .elementor-background-video-container::before, .elementor-30 .elementor-element.elementor-element-1345fbc > .elementor-background-slideshow::before, .elementor-30 .elementor-element.elementor-element-1345fbc > .e-con-inner > .elementor-background-slideshow::before, .elementor-30 .elementor-element.elementor-element-1345fbc > .elementor-motion-effects-container > .elementor-motion-effects-layer::before{background-color:var( --e-global-color-0460288 );--background-overlay:'';}.elementor-30 .elementor-element.elementor-element-e66b594 > .elementor-widget-container{margin:0px 0px 11px 0px;}.elementor-30 .elementor-element.elementor-element-e66b594{text-align:center;}.elementor-30 .elementor-element.elementor-element-e66b594 .elementor-heading-title{font-family:var( --e-global-typography-a110d51-font-family ), Sans-serif;font-size:var( --e-global-typography-a110d51-font-size );font-weight:var( --e-global-typography-a110d51-font-weight );text-decoration:var( --e-global-typography-a110d51-text-decoration );line-height:var( --e-global-typography-a110d51-line-height );color:var( --e-global-color-a1f7d93 );}.elementor-30 .elementor-element.elementor-element-6f307937{--display:flex;--padding-top:10%;--padding-bottom:10%;--padding-left:5%;--padding-right:5%;}.elementor-30 .elementor-element.elementor-element-6ef5a22f a{color:var( --e-global-color-accent );}.elementor-30 .elementor-element.elementor-element-6ef5a22f a:hover, .elementor-30 .elementor-element.elementor-element-6ef5a22f a:focus{color:var( --e-global-color-accent );}@media(max-width:1024px){.elementor-30 .elementor-element.elementor-element-e66b594 .elementor-heading-title{font-size:var( --e-global-typography-a110d51-font-size );line-height:var( --e-global-typography-a110d51-line-height );}}@media(max-width:767px){.elementor-30 .elementor-element.elementor-element-1345fbc{--min-height:400px;--justify-content:center;--border-radius:0px 0px 50px 50px;}.elementor-30 .elementor-element.elementor-element-e66b594 > .elementor-widget-container{margin:0px 0px 0px 0px;}.elementor-30 .elementor-element.elementor-element-e66b594 .elementor-heading-title{font-size:var( --e-global-typography-a110d51-font-size );line-height:var( --e-global-typography-a110d51-line-height );}}<\/style>\t\t<div data-elementor-type=\"wp-page\" data-elementor-id=\"30\" class=\"elementor elementor-30\" data-elementor-post-type=\"page\">\n\t\t\t\t<div class=\"elementor-element elementor-element-1345fbc e-flex e-con-boxed e-con e-parent\" data-id=\"1345fbc\" data-element_type=\"container\" data-settings=\"{&quot;background_background&quot;:&quot;classic&quot;}\">\n\t\t\t\t\t<div class=\"e-con-inner\">\n\t\t\t\t<div class=\"elementor-element elementor-element-e66b594 elementor-widget elementor-widget-heading\" data-id=\"e66b594\" data-element_type=\"widget\" data-widget_type=\"heading.default\">\n\t\t\t\t<div class=\"elementor-widget-container\">\n\t\t\t\t\t<h1 class=\"elementor-heading-title elementor-size-default\">Pol\u00edtica de Privacidad<\/h1>\t\t\t\t<\/div>\n\t\t\t\t<\/div>\n\t\t\t\t\t<\/div>\n\t\t\t\t<\/div>\n\t\t<div class=\"elementor-element elementor-element-6f307937 e-flex e-con-boxed e-con e-parent\" data-id=\"6f307937\" data-element_type=\"container\">\n\t\t\t\t\t<div class=\"e-con-inner\">\n\t\t\t\t<div class=\"elementor-element elementor-element-6ef5a22f elementor-widget elementor-widget-text-editor\" data-id=\"6ef5a22f\" data-element_type=\"widget\" data-widget_type=\"text-editor.default\">\n\t\t\t\t<div class=\"elementor-widget-container\">\n\t\t\t\t\t\t\t\t\t\n<p class=\"wp-block-heading\"><strong>1.- INFORMACI\u00d3N AL USUARIO<\/strong><\/p>\n\n<p>El sitio web informa a los usuarios del sitio web sobre su pol\u00edtica respecto al tratamiento y protecci\u00f3n de los datos de car\u00e1cter personal de los usuarios y clientes que puedan ser solicitados durante la navegaci\u00f3n por su sitio web.<\/p>\n\n<p>El sitio web es el Responsable del tratamiento de los datos personales del usuario, por lo que se le facilita la siguiente informaci\u00f3n referente al tratamiento de sus datos:<\/p>\n\n<p><strong>Criterios de conservaci\u00f3n de los datos:<\/strong>\u00a0Los datos personales proporcionados se conservar\u00e1n hasta que el interesado no solicite su suspensi\u00f3n, ejerciendo sus derechos sobre los datos, y en cualquier caso en cumplimiento de los plazos legales de prescripci\u00f3n que le sean de aplicaci\u00f3n.<\/p>\n\n<p><strong>Derechos de los interesados:<\/strong><\/p>\n\n<ul class=\"wp-block-list\">\n<li>Derecho a retirar su consentimiento en cualquier momento.<\/li>\n\n<li>Derecho de acceso, rectificaci\u00f3n, supresi\u00f3n, portabilidad de sus datos, as\u00ed como la limitaci\u00f3n u oposici\u00f3n a su tratamiento, ya no ser objeto de decisiones individuales automatizadas.<\/li>\n<\/ul>\n\n<p><strong>Datos de contacto para ejercer sus derechos:<\/strong><br \/>Debe identificarse debidamente y solicitar claramente el derecho que se quiere ejercer.<\/p>\n<ul class=\"wp-block-list\">\n<li><strong>Empresa: <\/strong>JOSEP CAPDEVILA ASSESSORS, SL<strong><br \/><\/strong><\/li>\n<li><strong>NIF:<\/strong> B64242399<\/li>\n<li><strong>Responsable: <\/strong> Josep<\/li>\n<li><strong>Domicilio: <\/strong>Passeig de la Creu, 16 \u2013 casa 13<\/li>\n<li><strong>CP y Poblaci\u00f3n:<\/strong>\u00a008173 Sant Cugat del Vall\u00e9s (Barcelona)<\/li>\n<li><strong>Tel\u00e9fono:<\/strong> 93 589 80 33<\/li>\n<li><strong>Email:<\/strong> <span style=\"text-decoration: underline; color: #425371;\"><strong>[opcion_jet_email_link]<\/strong><\/span><\/li>\n<\/ul>\n<!-- \/wp:list --><!-- wp:heading {\"level\":3} -->\n<p>\u00a0<\/p>\n<p class=\"wp-block-heading\"><strong>2.- INFORMACI\u00d3N FACILITADA POR EL USUARIO<\/strong><\/p>\n<!-- \/wp:heading --><!-- wp:paragraph -->\n<p>Si es menor de 18 a\u00f1os, no est\u00e1 permitido el uso de formularios en nuestra web.<\/p>\n<!-- \/wp:paragraph --><!-- wp:paragraph -->\n<p>Los Usuarios, introduciendo sus datos en los formularios de contacto o presentados en formularios de descarga, aceptan expresa y libremente e inequ\u00edvocamente, que sus datos son necesarios para atender su petici\u00f3n por parte del Responsable, siendo voluntaria la inclusi\u00f3n de datos en los campos restantes.<\/p>\n<!-- \/wp:paragraph --><!-- wp:paragraph -->\n<p>El Usuario garantiza que los datos personales facilitados son ver\u00eddicos y se hace responsable de comunicar cualquier modificaci\u00f3n.<\/p>\n<!-- \/wp:paragraph --><!-- wp:paragraph -->\n<p>Todos los datos solicitados a trav\u00e9s del sitio web son necesarios para prestar un servicio \u00f3ptimo al Usuario. En caso de que no se faciliten todos los datos, no se garantiza que la informaci\u00f3n y servicios que el Responsable le facilite se ajusten completamente a sus necesidades.<\/p>\n<!-- \/wp:paragraph --><!-- wp:heading {\"level\":3} -->\n<p class=\"wp-block-heading\"><strong>3.- MEDIDAS DE SEGURIDAD<\/strong><\/p>\n<!-- \/wp:heading --><!-- wp:paragraph -->\n<p>De conformidad con lo dispuesto en las normativas vigentes en materia de protecci\u00f3n de datos personales, el Responsable cumple con todas las disposiciones de las normativas RGPD y LOPD para el tratamiento de los datos personales bajo su responsabilidad, las cuales son tratadas de forma l\u00edcita, leal y transparente en relaci\u00f3n con el interesado, y adecuadas, pertinentes y limitadas a lo necesario en relaci\u00f3n con lo necesario en relaci\u00f3n con lo necesario.<\/p>\n<!-- \/wp:paragraph --><!-- wp:paragraph -->\n<p>El Responsable garantiza que ha implementado pol\u00edticas t\u00e9cnicas y organizativas adecuadas para aplicar las medidas de seguridad establecidas por el RGPD y la LOPD para proteger los derechos y libertades de los Usuarios, comunic\u00e1ndoles la informaci\u00f3n adecuada para que puedan ejercerlos.<\/p>\n<!-- \/wp:paragraph --><!-- wp:heading {\"level\":3} -->\n<p><strong>4.- BRECHAS DE SEGURIDAD<\/strong><\/p>\n<!-- \/wp:heading --><!-- wp:paragraph -->\n<p>El Responsable informar\u00e1 sobre cualquier brecha de seguridad que afecte a la base de datos utilizada por este sitio web, o que afecte a cualquiera de nuestros servicios de terceros, a todas y cada una de las personas cuyos datos puedan haber sido afectados, as\u00ed como a las autoridades, dentro de las 72 horas siguientes a la detecci\u00f3n de la brecha.<\/p>\n<!-- \/wp:paragraph --><!-- wp:heading {\"level\":3} -->\n<p class=\"wp-block-heading\"><strong>LEGISLACI\u00d3N APLICABLE Y JURISDICCI\u00d3N<\/strong><\/p>\n<!-- \/wp:heading --><!-- wp:paragraph -->\n<p>Para la resoluci\u00f3n de todas las controversias o cuestiones relacionadas con este sitio web o con las actividades que se desarrollen, ser\u00e1 de aplicaci\u00f3n la legislaci\u00f3n espa\u00f1ola, a la que se someten expresamente las partes, siendo competentes para la resoluci\u00f3n de todos los conflictos derivados o relacionados con el uso los Juzgados y Tribunales de Barcelona.<\/p>\n<!-- \/wp:paragraph -->\t\t\t\t\t\t\t\t<\/div>\n\t\t\t\t<\/div>\n\t\t\t\t\t<\/div>\n\t\t\t\t<\/div>\n\t\t\t\t<\/div>","protected":false},"excerpt":{"rendered":"<p>1.- INFORMACI\u00d3N AL USUARIO El sitio web informa a los usuarios del sitio web sobre su pol\u00edtica respecto al tratamiento y protecci\u00f3n de los datos de car\u00e1cter personal de los usuarios y clientes que puedan ser solicitados durante la navegaci\u00f3n por su sitio web. El sitio web es el Responsable del tratamiento de los datos personales [\u2026]<\/p>","protected":false},"author":1,"featured_media":0,"parent":0,"menu_order":0,"comment_status":"closed","ping_status":"closed","template":"","meta":{"footnotes":""},"class_list":["post-30","page","type-page","status-publish","hentry"],"yoast_head":"<!-- This site is optimized with the Yoast SEO plugin v26.8 - https:\/\/yoast.com\/product\/yoast-seo-wordpress\/ -->\n<title>Pol\u00edtica de Privacitat - Josep Capdevila<\/title>\n<meta name=\"robots\" content=\"index, follow, max-snippet:-1, max-image-preview:large, max-video-preview:-1\" \/>\n<link rel=\"canonical\" href=\"https:\/\/jcassessors.com\/es\/politica-de-privacitat\/\" \/>\n<meta property=\"og:locale\" content=\"es_ES\" \/>\n<meta property=\"og:type\" content=\"article\" \/>\n<meta property=\"og:title\" content=\"Pol\u00edtica de Privacitat - Josep Capdevila\" \/>\n<meta property=\"og:description\" content=\"1.- INFORMACI\u00d3 A L\u2019USUARI El lloc web informa els usuaris del lloc web sobre la seva pol\u00edtica respecte al tractament i protecci\u00f3 de les dades de car\u00e0cter personal dels usuaris i clients que puguin ser sol\u00b7licitades durant la navegaci\u00f3 pel seu lloc web. El lloc web \u00e9s el Responsable del tractament de les dades personals [&hellip;]\" \/>\n<meta property=\"og:url\" content=\"https:\/\/jcassessors.com\/es\/politica-de-privacitat\/\" \/>\n<meta property=\"og:site_name\" content=\"Josep Capdevila\" \/>\n<meta property=\"article:modified_time\" content=\"2025-11-26T12:55:01+00:00\" \/>\n<meta name=\"twitter:card\" content=\"summary_large_image\" \/>\n<meta name=\"twitter:label1\" content=\"Tiempo de lectura\" \/>\n\t<meta name=\"twitter:data1\" content=\"3 minutos\" \/>\n<script type=\"application\/ld+json\" class=\"yoast-schema-graph\">{\"@context\":\"https:\/\/schema.org\",\"@graph\":[{\"@type\":\"WebPage\",\"@id\":\"https:\/\/jcassessors.com\/politica-de-privacitat\/\",\"url\":\"https:\/\/jcassessors.com\/politica-de-privacitat\/\",\"name\":\"Pol\u00edtica de Privacitat - Josep Capdevila\",\"isPartOf\":{\"@id\":\"https:\/\/jcassessors.com\/es\/#website\"},\"datePublished\":\"2025-03-28T19:09:49+00:00\",\"dateModified\":\"2025-11-26T12:55:01+00:00\",\"breadcrumb\":{\"@id\":\"https:\/\/jcassessors.com\/politica-de-privacitat\/#breadcrumb\"},\"inLanguage\":\"es\",\"potentialAction\":[{\"@type\":\"ReadAction\",\"target\":[\"https:\/\/jcassessors.com\/politica-de-privacitat\/\"]}]},{\"@type\":\"BreadcrumbList\",\"@id\":\"https:\/\/jcassessors.com\/politica-de-privacitat\/#breadcrumb\",\"itemListElement\":[{\"@type\":\"ListItem\",\"position\":1,\"name\":\"Portada\",\"item\":\"https:\/\/jcassessors.com\/\"},{\"@type\":\"ListItem\",\"position\":2,\"name\":\"Pol\u00edtica de Privacitat\"}]},{\"@type\":\"WebSite\",\"@id\":\"https:\/\/jcassessors.com\/es\/#website\",\"url\":\"https:\/\/jcassessors.com\/es\/\",\"name\":\"Josep Capdevila\",\"description\":\"Proyectos de direcci\u00f3n y asesoramiento de empresas\",\"potentialAction\":[{\"@type\":\"SearchAction\",\"target\":{\"@type\":\"EntryPoint\",\"urlTemplate\":\"https:\/\/jcassessors.com\/es\/?s={search_term_string}\"},\"query-input\":{\"@type\":\"PropertyValueSpecification\",\"valueRequired\":true,\"valueName\":\"search_term_string\"}}],\"inLanguage\":\"es\"}]}<\/script>\n<!-- \/ Yoast SEO plugin. -->","yoast_head_json":{"title":"Pol\u00edtica de Privacidad - Josep Capdevila","robots":{"index":"index","follow":"follow","max-snippet":"max-snippet:-1","max-image-preview":"max-image-preview:large","max-video-preview":"max-video-preview:-1"},"canonical":"https:\/\/jcassessors.com\/es\/politica-de-privacitat\/","og_locale":"es_ES","og_type":"article","og_title":"Pol\u00edtica de Privacitat - Josep Capdevila","og_description":"1.- INFORMACI\u00d3 A L\u2019USUARI El lloc web informa els usuaris del lloc web sobre la seva pol\u00edtica respecte al tractament i protecci\u00f3 de les dades de car\u00e0cter personal dels usuaris i clients que puguin ser sol\u00b7licitades durant la navegaci\u00f3 pel seu lloc web. El lloc web \u00e9s el Responsable del tractament de les dades personals [&hellip;]","og_url":"https:\/\/jcassessors.com\/es\/politica-de-privacitat\/","og_site_name":"Josep Capdevila","article_modified_time":"2025-11-26T12:55:01+00:00","twitter_card":"summary_large_image","twitter_misc":{"Tiempo de lectura":"3 minutos"},"schema":{"@context":"https:\/\/schema.org","@graph":[{"@type":"WebPage","@id":"https:\/\/jcassessors.com\/politica-de-privacitat\/","url":"https:\/\/jcassessors.com\/politica-de-privacitat\/","name":"Pol\u00edtica de Privacidad - Josep Capdevila","isPartOf":{"@id":"https:\/\/jcassessors.com\/es\/#website"},"datePublished":"2025-03-28T19:09:49+00:00","dateModified":"2025-11-26T12:55:01+00:00","breadcrumb":{"@id":"https:\/\/jcassessors.com\/politica-de-privacitat\/#breadcrumb"},"inLanguage":"es","potentialAction":[{"@type":"ReadAction","target":["https:\/\/jcassessors.com\/politica-de-privacitat\/"]}]},{"@type":"BreadcrumbList","@id":"https:\/\/jcassessors.com\/politica-de-privacitat\/#breadcrumb","itemListElement":[{"@type":"ListItem","position":1,"name":"Portada","item":"https:\/\/jcassessors.com\/"},{"@type":"ListItem","position":2,"name":"Pol\u00edtica de Privacitat"}]},{"@type":"WebSite","@id":"https:\/\/jcassessors.com\/es\/#website","url":"https:\/\/jcassessors.com\/es\/","name":"Josep Capdevila","description":"Proyectos de direcci\u00f3n y asesoramiento de empresas","potentialAction":[{"@type":"SearchAction","target":{"@type":"EntryPoint","urlTemplate":"https:\/\/jcassessors.com\/es\/?s={search_term_string}"},"query-input":{"@type":"PropertyValueSpecification","valueRequired":true,"valueName":"search_term_string"}}],"inLanguage":"es"}]}},"_links":{"self":[{"href":"https:\/\/jcassessors.com\/es\/wp-json\/wp\/v2\/pages\/30","targetHints":{"allow":["GET"]}}],"collection":[{"href":"https:\/\/jcassessors.com\/es\/wp-json\/wp\/v2\/pages"}],"about":[{"href":"https:\/\/jcassessors.com\/es\/wp-json\/wp\/v2\/types\/page"}],"author":[{"embeddable":true,"href":"https:\/\/jcassessors.com\/es\/wp-json\/wp\/v2\/users\/1"}],"replies":[{"embeddable":true,"href":"https:\/\/jcassessors.com\/es\/wp-json\/wp\/v2\/comments?post=30"}],"version-history":[{"count":31,"href":"https:\/\/jcassessors.com\/es\/wp-json\/wp\/v2\/pages\/30\/revisions"}],"predecessor-version":[{"id":1436,"href":"https:\/\/jcassessors.com\/es\/wp-json\/wp\/v2\/pages\/30\/revisions\/1436"}],"wp:attachment":[{"href":"https:\/\/jcassessors.com\/es\/wp-json\/wp\/v2\/media?parent=30"}],"curies":[{"name":"wp","href":"https:\/\/api.w.org\/{rel}","templated":true}]}}